{"id":131,"date":"2021-10-05T16:52:46","date_gmt":"2021-10-05T19:52:46","guid":{"rendered":"http:\/\/janeladazaki.com\/?page_id=131"},"modified":"2021-11-22T23:34:50","modified_gmt":"2021-11-23T02:34:50","slug":"o-refugio-nas-paredes-cor-de-ceu","status":"publish","type":"page","link":"http:\/\/janeladazaki.com\/index.php\/perfis\/o-refugio-nas-paredes-cor-de-ceu\/","title":{"rendered":"O ref\u00fagio nas paredes cor de c\u00e9u"},"content":{"rendered":"\t\t<div data-elementor-type=\"wp-page\" data-elementor-id=\"131\" class=\"elementor elementor-131\" data-elementor-settings=\"[]\">\n\t\t\t\t\t\t\t<div class=\"elementor-section-wrap\">\n\t\t\t\t\t\t\t<section class=\"elementor-section elementor-top-section elementor-element elementor-element-7ae8bde elementor-section-boxed elementor-section-height-default elementor-section-height-default\" data-id=\"7ae8bde\" data-element_type=\"section\">\n\t\t\t\t\t\t<div class=\"elementor-container elementor-column-gap-default\">\n\t\t\t\t\t<div class=\"elementor-column elementor-col-100 elementor-top-column elementor-element elementor-element-013abe1\" data-id=\"013abe1\" data-element_type=\"column\">\n\t\t\t<div class=\"elementor-widget-wrap elementor-element-populated\">\n\t\t\t\t\t\t\t\t<div class=\"elementor-element elementor-element-945e29d elementor-widget elementor-widget-text-editor\" data-id=\"945e29d\" data-element_type=\"widget\" data-widget_type=\"text-editor.default\">\n\t\t\t\t<div class=\"elementor-widget-container\">\n\t\t\t\t\t\t\t<h6><span style=\"font-weight: normal;\">\u201cEu n\u00e3o saio muito daqui, n\u00e3o ando muito por aqui\u201d, conta. Aninha, como a conhe\u00e7o, cresceu em ber\u00e7o de ouro dentro do Cingapura. Dona de uma educa\u00e7\u00e3o invej\u00e1vel, \u00e9 linda por dentro e por fora. Seus cachos de cor escura mostram a for\u00e7a que tem essa menina mulher. E suas palavras firmes e conscientes mostram sua maturidade no \u00e1pice da adolesc\u00eancia.<\/span><\/h6><h6><span style=\"font-weight: normal;\">O sorriso dela brilha. As palavras nem sempre saem em nossa conversa, por vezes, a timidez toma conta. Ana Beatriz Gomes aprendeu a morar na Zaki Narchi, estar na Zaki Narchi. A Zaki \u00e9 sua casa, mas ser\u00e1 que \u00e9 seu lar?<\/span><\/h6><h6><span style=\"font-weight: normal;\">H\u00e1 14 anos vendo o mundo pelas janelas da Zaki, ela gosta de estar l\u00e1, afinal, o local \u00e9 acess\u00edvel. No entanto, a conviv\u00eancia com todos nem sempre existe.<\/span><\/h6><h3>\u00a0 \u00a0 \u00a0 \u00a0 \u00a0 \u00a0 \u201cAqui tem as pessoas que n\u00e3o d\u00e1 nem pra se envolver e tem as pessoas que a gente cria\u00a0 \u00a0 \u00a0 \u00a0 \u00a0 \u00a0 \u00a0 \u00a0 \u00a0 \u00a0 \u00a0 \u00a0 \u00a0 \u00a0 \u00a0 \u00a0 \u00a0 \u00a0 \u00a0 \u00a0 \u00a0 \u00a0 \u00a0 \u00a0 \u00a0 \u00a0 \u00a0 \u00a0 \u00a0 \u00a0 \u00a0 \u00a0 \u00a0 \u00a0 \u00a0 \u00a0 \u00a0algum la\u00e7o, n\u00e9?\u201d<\/h3><h6><span style=\"font-weight: normal;\">Suas maiores e melhores amizades, curiosamente ou n\u00e3o, s\u00e3o do col\u00e9gio, Derville Alegretti &#8211; escola municipal de S\u00e3o Paulo. Inclusive, boa parte das crian\u00e7as e adolescentes que moram na Zaki Narchi estudam no famoso Derville. Por ficar bem pertinho da Zaki, Aninha conta que vai sempre a p\u00e9 para a escola. 1000 metros preenchem o trajeto que antes era feito diariamente. Hoje, por conta da pandemia, a caminhada se reduziu a duas ou tr\u00eas vezes na semana.<\/span><\/h6><h6><span style=\"font-weight: normal;\">Seu ref\u00fagio est\u00e1 mesmo no quarto de paredes azuis e nuvens brancas. \u00c9 sempre de casa para escola, da escola para casa. \u00c0s vezes est\u00e1 na casa de algum parente que mora na Zaki, com alguma amiga que n\u00e3o \u00e9 de l\u00e1, dando um passeio por Santana ou no Parque da Juventude. Sempre caseira, conta que n\u00e3o gosta muito de ficar saindo de casa.<\/span><\/h6><h6><span style=\"font-weight: normal;\">Sobre a pandemia, com sua sensatez, afirma um pouco inconformada: \u201caqui na Zaki n\u00e3o mudou muito n\u00e3o, ningu\u00e9m usa m\u00e1scara. Fica todo mundo como se estivesse num dia comum. Poucas pessoas usam m\u00e1scara aqui\u201d. Sorte ou certo olhar de Deus, a comunidade n\u00e3o teve muitas perdas nesse per\u00edodo.<\/span><\/h6>\t\t\t\t\t\t<\/div>\n\t\t\t\t<\/div>\n\t\t\t\t\t<\/div>\n\t\t<\/div>\n\t\t\t\t\t\t\t<\/div>\n\t\t<\/section>\n\t\t\t\t<section class=\"elementor-section elementor-top-section elementor-element elementor-element-d77f171 elementor-section-boxed elementor-section-height-default elementor-section-height-default\" data-id=\"d77f171\" data-element_type=\"section\">\n\t\t\t\t\t\t<div class=\"elementor-container elementor-column-gap-default\">\n\t\t\t\t\t<div class=\"elementor-column elementor-col-100 elementor-top-column elementor-element elementor-element-3894f18\" data-id=\"3894f18\" data-element_type=\"column\">\n\t\t\t<div class=\"elementor-widget-wrap elementor-element-populated\">\n\t\t\t\t\t\t\t\t<div class=\"elementor-element elementor-element-faa0342 elementor-arrows-position-inside elementor-pagination-position-outside elementor-widget elementor-widget-image-carousel\" data-id=\"faa0342\" data-element_type=\"widget\" data-settings=\"{&quot;slides_to_show&quot;:&quot;1&quot;,&quot;navigation&quot;:&quot;both&quot;,&quot;autoplay&quot;:&quot;yes&quot;,&quot;pause_on_hover&quot;:&quot;yes&quot;,&quot;pause_on_interaction&quot;:&quot;yes&quot;,&quot;autoplay_speed&quot;:5000,&quot;infinite&quot;:&quot;yes&quot;,&quot;effect&quot;:&quot;slide&quot;,&quot;speed&quot;:500}\" data-widget_type=\"image-carousel.default\">\n\t\t\t\t<div class=\"elementor-widget-container\">\n\t\t\t\t\t<div class=\"elementor-image-carousel-wrapper swiper-container\" dir=\"ltr\">\n\t\t\t<div class=\"elementor-image-carousel swiper-wrapper\">\n\t\t\t\t\t\t\t\t<div class=\"swiper-slide\"><figure class=\"swiper-slide-inner\"><img class=\"swiper-slide-image\" src=\"http:\/\/janeladazaki.com\/wp-content\/uploads\/2021\/10\/20211007_100126-2-768x576.jpg\" alt=\"Aninha com aproximadamente 8 meses\" \/><figcaption class=\"elementor-image-carousel-caption\">Aninha com aproximadamente 8 meses<\/figcaption><\/figure><\/div><div class=\"swiper-slide\"><figure class=\"swiper-slide-inner\"><img class=\"swiper-slide-image\" src=\"http:\/\/janeladazaki.com\/wp-content\/uploads\/2021\/10\/20211007_100339-2-768x576.jpg\" alt=\"Aninha com seu pai\" \/><figcaption class=\"elementor-image-carousel-caption\">Aninha com seu pai<\/figcaption><\/figure><\/div><div class=\"swiper-slide\"><figure class=\"swiper-slide-inner\"><img class=\"swiper-slide-image\" src=\"http:\/\/janeladazaki.com\/wp-content\/uploads\/2021\/10\/20211007_100443-Copia-2-768x576.jpg\" alt=\"Aninha e sua m\u00e3e em Aparecida do Norte\" \/><figcaption class=\"elementor-image-carousel-caption\">Aninha e sua m\u00e3e em Aparecida do Norte<\/figcaption><\/figure><\/div><div class=\"swiper-slide\"><figure class=\"swiper-slide-inner\"><img class=\"swiper-slide-image\" src=\"http:\/\/janeladazaki.com\/wp-content\/uploads\/2021\/10\/20211007_100523-2-768x576.jpg\" alt=\"Aninha no dia em que foi batizada\" \/><figcaption class=\"elementor-image-carousel-caption\">Aninha no dia em que foi batizada<\/figcaption><\/figure><\/div>\t\t\t<\/div>\n\t\t\t\t\t\t\t\t\t\t\t\t<div class=\"swiper-pagination\"><\/div>\n\t\t\t\t\t\t\t\t\t\t\t\t\t<div class=\"elementor-swiper-button elementor-swiper-button-prev\">\n\t\t\t\t\t\t<i class=\"eicon-chevron-left\" aria-hidden=\"true\"><\/i>\n\t\t\t\t\t\t<span class=\"elementor-screen-only\">Anterior<\/span>\n\t\t\t\t\t<\/div>\n\t\t\t\t\t<div class=\"elementor-swiper-button elementor-swiper-button-next\">\n\t\t\t\t\t\t<i class=\"eicon-chevron-right\" aria-hidden=\"true\"><\/i>\n\t\t\t\t\t\t<span class=\"elementor-screen-only\">Pr\u00f3ximo<\/span>\n\t\t\t\t\t<\/div>\n\t\t\t\t\t\t\t\t\t<\/div>\n\t\t\t\t<\/div>\n\t\t\t\t<\/div>\n\t\t\t\t\t<\/div>\n\t\t<\/div>\n\t\t\t\t\t\t\t<\/div>\n\t\t<\/section>\n\t\t\t\t<section class=\"elementor-section elementor-top-section elementor-element elementor-element-17e939a elementor-section-boxed elementor-section-height-default elementor-section-height-default\" data-id=\"17e939a\" data-element_type=\"section\">\n\t\t\t\t\t\t<div class=\"elementor-container elementor-column-gap-default\">\n\t\t\t\t\t<div class=\"elementor-column elementor-col-100 elementor-top-column elementor-element elementor-element-dc5eec6\" data-id=\"dc5eec6\" data-element_type=\"column\">\n\t\t\t<div class=\"elementor-widget-wrap elementor-element-populated\">\n\t\t\t\t\t\t\t\t<div class=\"elementor-element elementor-element-82916e9 elementor-widget elementor-widget-text-editor\" data-id=\"82916e9\" data-element_type=\"widget\" data-widget_type=\"text-editor.default\">\n\t\t\t\t<div class=\"elementor-widget-container\">\n\t\t\t\t\t\t\t<h6><span style=\"font-weight: normal;\">Acelerada que sou, pergunto \u00e0 Aninha sobre seus planos para o futuro, se quer construir fam\u00edlia, sair da Zaki Narchi, e levo uma invertida.<\/span><\/h6><h3><span style=\"font-weight: 400;\">\u00a0 \u00a0 \u00a0 \u00a0 \u00a0 \u00a0\u00a0<\/span>\u201cOlha, por enquanto, eu tenho mais foco no meu estudo. Por enquanto n\u00e3o penso nisso,\u00a0 \u00a0 \u00a0 \u00a0 \u00a0 \u00a0 \u00a0 \u00a0 \u00a0 \u00a0 \u00a0 \u00a0 \u00a0 \u00a0 \u00a0 \u00a0 \u00a0 \u00a0 \u00a0 \u00a0 \u00a0 \u00a0 \u00a0 \u00a0 \u00a0 mas um dia quero, com certeza, construir uma fam\u00edlia.\u201d<\/h3><h6><span style=\"font-weight: normal;\">O tempo voa e a menina mulher dos cabelos cacheados e sorriso feito estrela aprendeu a colocar os p\u00e9s no ch\u00e3o perante sua realidade. Aos 14 anos, Aninha sabe o que quer ou n\u00e3o. Aninha sabe decidir o que \u00e9 seu lar: seu pai, sua fam\u00edlia e seus amigos.<\/span><\/h6><h6><span style=\"font-weight: normal;\">Em outra de nossas conversas, me deparo com as paredes de seu quarto pintadas de cinza. Entendo, ent\u00e3o, que o c\u00e9u nem sempre est\u00e1 azul, a vida nem sempre \u00e9 ensolarada. Desta vez, a timidez j\u00e1 passa longe.<\/span><\/h6><h6><span style=\"font-weight: normal;\">\u201cMari, no que voc\u00ea vai se formar mesmo?\u201d, ou\u00e7o de forma curiosa. Ao responder que \u00e9 jornalismo, me arrepio com o que ela diz:\u00a0<\/span><\/h6><h3>\u00a0 \u00a0 \u00a0 \u00a0 \u00a0 \u00a0 \u00a0 \u00a0 \u00a0 \u00a0 \u00a0 \u00a0 \u00a0 \u00a0 \u00a0 \u00a0 \u00a0 \u00a0 \u00a0 \u00a0 \u00a0 \u00a0\u201cDecidi que quero fazer jornalismo tamb\u00e9m!\u201d.<\/h3><h6><span style=\"font-weight: normal;\">Entre as idas e vindas de um bate-papo que perdeu o rumo, Aninha revela que gosta muito de geopol\u00edtica e, mais ainda, de se comunicar. Ela se levanta da cama ainda por fazer, com um len\u00e7ol de cor clara, e uma coberta xadrez de cor escura no canto, vai em dire\u00e7\u00e3o a sua prateleira de livros e conta que ganhou de seu professor de geografia um livro sobre jornalismo, o qual ele pagou um real no sebo. \u00c9 o Manual de Reda\u00e7\u00e3o e Estilo do Estad\u00e3o, datado de 1982.\u00a0<\/span><\/h6><h6><span style=\"font-weight: normal;\">Logo corre para me mostrar feliz que j\u00e1 leu algumas p\u00e1ginas, especialmente aquelas que dizem sobre diagrama\u00e7\u00e3o do jornal e como funcionam as editorias. Em seguida, conta que escreveu um artigo de opini\u00e3o na aula de reda\u00e7\u00e3o e me traz para ler. Aninha esbanja maturidade, uma escrita concisa e muito consciente do momento pol\u00edtico em que vivemos.\u00a0<\/span><\/h6><h6><span style=\"font-weight: normal;\">Seu sonho? Quem sabe passar na Escola de Comunica\u00e7\u00e3o e Artes da USP, mas que, segundo as palavras dela, \u00e9 muito dif\u00edcil.\u00a0<\/span><\/h6><h6><span style=\"font-weight: normal;\">Voltando a sentar em sua cama, sorri ao dizer que tem grande apre\u00e7o pela leitura e que hoje est\u00e1 lendo A Menina Que Roubava Livros, de Markus Zusak. \u201cMas eu levei um spoiler\u201d, completa desapontada olhando para o livro que tem em m\u00e3os.\u00a0<\/span><\/h6><h6><span style=\"font-weight: normal;\">A conversa flui por outros tantos caminhos, Aninha sempre com os olhos brilhando. Eu, mais ainda. Com a menina mulher dos cabelos cacheados, aprendi que as palavras significam, mas que o olhar diz muito mais.\u00a0<\/span><\/h6>\t\t\t\t\t\t<\/div>\n\t\t\t\t<\/div>\n\t\t\t\t\t<\/div>\n\t\t<\/div>\n\t\t\t\t\t\t\t<\/div>\n\t\t<\/section>\n\t\t\t\t<section class=\"elementor-section elementor-top-section elementor-element elementor-element-74c8645 elementor-section-boxed elementor-section-height-default elementor-section-height-default\" data-id=\"74c8645\" data-element_type=\"section\">\n\t\t\t\t\t\t<div class=\"elementor-container elementor-column-gap-default\">\n\t\t\t\t\t<div class=\"elementor-column elementor-col-100 elementor-top-column elementor-element elementor-element-1be097d\" data-id=\"1be097d\" data-element_type=\"column\">\n\t\t\t<div class=\"elementor-widget-wrap elementor-element-populated\">\n\t\t\t\t\t\t\t\t<div class=\"elementor-element elementor-element-47703e5 elementor-arrows-position-inside elementor-pagination-position-outside elementor-widget elementor-widget-image-carousel\" data-id=\"47703e5\" data-element_type=\"widget\" data-settings=\"{&quot;slides_to_show&quot;:&quot;1&quot;,&quot;navigation&quot;:&quot;both&quot;,&quot;autoplay&quot;:&quot;yes&quot;,&quot;pause_on_hover&quot;:&quot;yes&quot;,&quot;pause_on_interaction&quot;:&quot;yes&quot;,&quot;autoplay_speed&quot;:5000,&quot;infinite&quot;:&quot;yes&quot;,&quot;effect&quot;:&quot;slide&quot;,&quot;speed&quot;:500}\" data-widget_type=\"image-carousel.default\">\n\t\t\t\t<div class=\"elementor-widget-container\">\n\t\t\t\t\t<div class=\"elementor-image-carousel-wrapper swiper-container\" dir=\"ltr\">\n\t\t\t<div class=\"elementor-image-carousel swiper-wrapper\">\n\t\t\t\t\t\t\t\t<div class=\"swiper-slide\"><figure class=\"swiper-slide-inner\"><img class=\"swiper-slide-image\" src=\"http:\/\/janeladazaki.com\/wp-content\/uploads\/2021\/10\/20211007_100853-768x576.png\" alt=\"20211007_100853\" \/><\/figure><\/div><div class=\"swiper-slide\"><figure class=\"swiper-slide-inner\"><img class=\"swiper-slide-image\" src=\"http:\/\/janeladazaki.com\/wp-content\/uploads\/2021\/10\/20211007_101111-768x576.png\" alt=\"20211007_101111\" \/><\/figure><\/div><div class=\"swiper-slide\"><figure class=\"swiper-slide-inner\"><img class=\"swiper-slide-image\" src=\"http:\/\/janeladazaki.com\/wp-content\/uploads\/2021\/10\/20211007_101040-768x576.png\" alt=\"20211007_101040\" \/><\/figure><\/div><div class=\"swiper-slide\"><figure class=\"swiper-slide-inner\"><img class=\"swiper-slide-image\" src=\"http:\/\/janeladazaki.com\/wp-content\/uploads\/2021\/10\/20211007_101024-768x576.png\" alt=\"20211007_101024\" \/><\/figure><\/div><div class=\"swiper-slide\"><figure class=\"swiper-slide-inner\"><img class=\"swiper-slide-image\" src=\"http:\/\/janeladazaki.com\/wp-content\/uploads\/2021\/10\/20211007_101149-768x576.png\" alt=\"20211007_101149\" \/><\/figure><\/div>\t\t\t<\/div>\n\t\t\t\t\t\t\t\t\t\t\t\t<div class=\"swiper-pagination\"><\/div>\n\t\t\t\t\t\t\t\t\t\t\t\t\t<div class=\"elementor-swiper-button elementor-swiper-button-prev\">\n\t\t\t\t\t\t<i class=\"eicon-chevron-left\" aria-hidden=\"true\"><\/i>\n\t\t\t\t\t\t<span class=\"elementor-screen-only\">Anterior<\/span>\n\t\t\t\t\t<\/div>\n\t\t\t\t\t<div class=\"elementor-swiper-button elementor-swiper-button-next\">\n\t\t\t\t\t\t<i class=\"eicon-chevron-right\" aria-hidden=\"true\"><\/i>\n\t\t\t\t\t\t<span class=\"elementor-screen-only\">Pr\u00f3ximo<\/span>\n\t\t\t\t\t<\/div>\n\t\t\t\t\t\t\t\t\t<\/div>\n\t\t\t\t<\/div>\n\t\t\t\t<\/div>\n\t\t\t\t\t<\/div>\n\t\t<\/div>\n\t\t\t\t\t\t\t<\/div>\n\t\t<\/section>\n\t\t\t\t\t\t<\/div>\n\t\t\t\t\t<\/div>\n\t\t","protected":false},"excerpt":{"rendered":"<p>\u201cEu n\u00e3o saio muito daqui, n\u00e3o ando muito por aqui\u201d, conta. Aninha, como a conhe\u00e7o, cresceu em ber\u00e7o de ouro dentro do Cingapura. Dona de &hellip;<\/p>\n","protected":false},"author":2,"featured_media":0,"parent":33,"menu_order":3,"comment_status":"closed","ping_status":"closed","template":"","meta":[],"_links":{"self":[{"href":"http:\/\/janeladazaki.com\/index.php\/wp-json\/wp\/v2\/pages\/131"}],"collection":[{"href":"http:\/\/janeladazaki.com\/index.php\/wp-json\/wp\/v2\/pages"}],"about":[{"href":"http:\/\/janeladazaki.com\/index.php\/wp-json\/wp\/v2\/types\/page"}],"author":[{"embeddable":true,"href":"http:\/\/janeladazaki.com\/index.php\/wp-json\/wp\/v2\/users\/2"}],"replies":[{"embeddable":true,"href":"http:\/\/janeladazaki.com\/index.php\/wp-json\/wp\/v2\/comments?post=131"}],"version-history":[{"count":43,"href":"http:\/\/janeladazaki.com\/index.php\/wp-json\/wp\/v2\/pages\/131\/revisions"}],"predecessor-version":[{"id":1289,"href":"http:\/\/janeladazaki.com\/index.php\/wp-json\/wp\/v2\/pages\/131\/revisions\/1289"}],"up":[{"embeddable":true,"href":"http:\/\/janeladazaki.com\/index.php\/wp-json\/wp\/v2\/pages\/33"}],"wp:attachment":[{"href":"http:\/\/janeladazaki.com\/index.php\/wp-json\/wp\/v2\/media?parent=131"}],"curies":[{"name":"wp","href":"https:\/\/api.w.org\/{rel}","templated":true}]}}