{"id":133,"date":"2021-10-05T16:53:00","date_gmt":"2021-10-05T19:53:00","guid":{"rendered":"http:\/\/janeladazaki.com\/?page_id=133"},"modified":"2021-11-22T23:40:21","modified_gmt":"2021-11-23T02:40:21","slug":"o-desenho-da-estranha-mania-de-ter-fe-na-vida","status":"publish","type":"page","link":"http:\/\/janeladazaki.com\/index.php\/perfis\/o-desenho-da-estranha-mania-de-ter-fe-na-vida\/","title":{"rendered":"O desenho da \u201cestranha mania de ter f\u00e9 na vida\u201d"},"content":{"rendered":"\t\t<div data-elementor-type=\"wp-page\" data-elementor-id=\"133\" class=\"elementor elementor-133\" data-elementor-settings=\"[]\">\n\t\t\t\t\t\t\t<div class=\"elementor-section-wrap\">\n\t\t\t\t\t\t\t<section class=\"elementor-section elementor-top-section elementor-element elementor-element-1b971b2 elementor-section-boxed elementor-section-height-default elementor-section-height-default\" data-id=\"1b971b2\" data-element_type=\"section\">\n\t\t\t\t\t\t<div class=\"elementor-container elementor-column-gap-default\">\n\t\t\t\t\t<div class=\"elementor-column elementor-col-100 elementor-top-column elementor-element elementor-element-e5b9101\" data-id=\"e5b9101\" data-element_type=\"column\">\n\t\t\t<div class=\"elementor-widget-wrap elementor-element-populated\">\n\t\t\t\t\t\t\t\t<div class=\"elementor-element elementor-element-c79ac67 elementor-widget elementor-widget-text-editor\" data-id=\"c79ac67\" data-element_type=\"widget\" data-widget_type=\"text-editor.default\">\n\t\t\t\t<div class=\"elementor-widget-container\">\n\t\t\t\t\t\t\t<h6><span style=\"font-weight: normal;\">Milton Nascimento e Fernando Brant desenham Marias, mulheres e brasileiras em sua m\u00fasica. Com um dom, uma certa magia, Maria da Penha Cavalcanti \u00e9 uma delas: a mulher que esbanja for\u00e7a, que carrega o som, o suor e que ri quando deve chorar. Aos 51 anos, traz no corpo a marca e a gra\u00e7a, al\u00e9m da estranha mania de ter f\u00e9 na vida.\u00a0<\/span><\/h6><h6><span style=\"font-weight: normal;\">Com \u201cuma for\u00e7a que nos alerta\u201d, Maria da Penha, conhecida por Penha, vive nos corredores da Zaki Narchi desde os 17 anos. Vinda da Para\u00edba para S\u00e3o Paulo, morou primeiro no Ja\u00e7an\u00e3 e depois tirou o peso do aluguel das costas quando criou ra\u00edzes nos barracos da Zaki ao lado de seu noivo, m\u00e3e e tr\u00eas irm\u00e3os.\u00a0<\/span><\/h6><h6><span style=\"font-weight: normal;\">Penha tem tr\u00eas filhos: Rafael, Carol e Gustavo. Como mulher \u201cque merece viver e amar\u201d, encontrou o afago do amor tr\u00eas vezes, com quem gerou seus frutos.\u00a0<\/span><\/h6><h6><span style=\"font-weight: normal;\">Rafael, o qual a hist\u00f3ria j\u00e1 foi contada, por certo per\u00edodo, seguiu o caminho da vida f\u00e1cil. Durante tr\u00eas anos e meio, Penha n\u00e3o viveu, apenas aguentou a dura realidade de visitar o filho que estava atr\u00e1s das grades. Os detalhes desses dias, ficam guardados em seu cora\u00e7\u00e3o e no sil\u00eancio da rela\u00e7\u00e3o com Deus.\u00a0<\/span><\/h6><h3>\u00a0 \u00a0 \u00a0 \u00a0 \u00a0 \u00a0 \u00a0 \u00a0 \u00a0 \u00a0 \u00a0 \u00a0 \u00a0 \u00a0 \u00a0 \u00a0 \u00a0 \u00a0 \u00a0 \u00a0 \u00a0 \u00a0 \u201cS\u00f3 Deus sabe o que eu sofri, pra caramba.\u201d<\/h3><h6><span style=\"font-weight: normal;\">Carol, a princesa da casa, deixou o mundo mais cor de rosa. Entre todas as festas de anivers\u00e1rio para os filhos, Penha se lembra de uma: o anivers\u00e1rio de 5 anos de Carol. \u201cEsse apartamento ficou do tamanho de um ovo, foi tanta gente\u201d, conta entre risadas. Amigos e fam\u00edlia reunida, decora\u00e7\u00e3o da Barbie e Carol de vestido cor de rosa.\u00a0<\/span><\/h6><h6><span style=\"font-weight: normal;\">O ca\u00e7ula, Gustavo, carrega a responsabilidade de ser a companhia dessa mulher que \u00e9 som e suor. Aos 18 anos, \u00e9 quem divide o apartamento com a m\u00e3e que, como tantas outras no planeta, tem a gana e simboliza a for\u00e7a de ser mulher. M\u00e3e dos tr\u00eas, ela \u201c\u00e9 a dose mais forte e lenta\u201d que cada um deles poderia ter como exemplo.<\/span><\/h6><h6><span style=\"font-weight: normal;\">Desde 1998 na Zaki, Penha vive a aventura de misturar a dor e a alegria. Ainda nos barracos, lembra-se dos epis\u00f3dios de fuga dos presos do Carandiru. A pol\u00edcia invadia a favela em busca dos fugitivos, arrombava e entrava nos barracos ao passo em que os reclusos faziam o mesmo. Os moradores, por sua vez, ficavam em meio ao fogo cruzado.<\/span><\/h6><h6><span style=\"font-weight: normal;\">Ainda nas dores que ficam na mem\u00f3ria, Penha revive a apreens\u00e3o que era dividir a Zaki com nomes procurados pela pol\u00edcia. E, para completar, a explos\u00e3o do Carandiru, que causou um enorme estrondo na Zaki.\u00a0<\/span><\/h6><h3>\u00a0 \u00a0 \u00a0 \u00a0 \u00a0 \u00a0 \u00a0 \u00a0 \u201cLiberaram a gente pra ir l\u00e1 ver uma vez. A\u00ed entrei l\u00e1, a gente entrava nas celas.\u00a0 \u00a0 \u00a0 \u00a0 \u00a0 \u00a0 \u00a0 \u00a0 \u00a0 \u00a0 \u00a0 \u00a0 \u00a0 \u00a0 \u00a0 \u00a0 \u00a0 \u00a0 \u00a0 \u00a0nossa, coisa horrorosa. Deus me livre. Eu fiquei mesmo traumatizada\u201d, relata.<\/h3><h6><span style=\"font-weight: normal;\">Quanto \u00e0s alegrias, conta animada sobre a vez que o Silvio Santos foi gravar com Edson Celulari na favela. \u201cFoi muito emocionante, a gente viu os artistas, tirei foto e tudo. Mas j\u00e1 faz anos.\u201d Tratava-se da telenovela Brasileiros e Brasileiras, exibida no SBT entre 1990 e 1991.\u00a0 <\/span><\/h6>\t\t\t\t\t\t<\/div>\n\t\t\t\t<\/div>\n\t\t\t\t\t<\/div>\n\t\t<\/div>\n\t\t\t\t\t\t\t<\/div>\n\t\t<\/section>\n\t\t\t\t<section class=\"elementor-section elementor-top-section elementor-element elementor-element-2846c8f elementor-section-boxed elementor-section-height-default elementor-section-height-default\" data-id=\"2846c8f\" data-element_type=\"section\">\n\t\t\t\t\t\t<div class=\"elementor-container elementor-column-gap-default\">\n\t\t\t\t\t<div class=\"elementor-column elementor-col-100 elementor-top-column elementor-element elementor-element-be9e342\" data-id=\"be9e342\" data-element_type=\"column\">\n\t\t\t<div class=\"elementor-widget-wrap elementor-element-populated\">\n\t\t\t\t\t\t\t\t<div class=\"elementor-element elementor-element-58f46d9 elementor-arrows-position-inside elementor-pagination-position-outside elementor-widget elementor-widget-image-carousel\" data-id=\"58f46d9\" data-element_type=\"widget\" data-settings=\"{&quot;slides_to_show&quot;:&quot;1&quot;,&quot;navigation&quot;:&quot;both&quot;,&quot;autoplay&quot;:&quot;yes&quot;,&quot;pause_on_hover&quot;:&quot;yes&quot;,&quot;pause_on_interaction&quot;:&quot;yes&quot;,&quot;autoplay_speed&quot;:5000,&quot;infinite&quot;:&quot;yes&quot;,&quot;effect&quot;:&quot;slide&quot;,&quot;speed&quot;:500}\" data-widget_type=\"image-carousel.default\">\n\t\t\t\t<div class=\"elementor-widget-container\">\n\t\t\t\t\t<div class=\"elementor-image-carousel-wrapper swiper-container\" dir=\"ltr\">\n\t\t\t<div class=\"elementor-image-carousel swiper-wrapper\">\n\t\t\t\t\t\t\t\t<div class=\"swiper-slide\"><figure class=\"swiper-slide-inner\"><img class=\"swiper-slide-image\" src=\"http:\/\/janeladazaki.com\/wp-content\/uploads\/2021\/10\/penha-768x576.png\" alt=\"Penha com seus filhos Rafael, Carol e Gustavo\" \/><figcaption class=\"elementor-image-carousel-caption\">Penha com seus filhos Rafael, Carol e Gustavo<\/figcaption><\/figure><\/div><div class=\"swiper-slide\"><figure class=\"swiper-slide-inner\"><img class=\"swiper-slide-image\" src=\"http:\/\/janeladazaki.com\/wp-content\/uploads\/2021\/10\/20211022_174303-768x576.jpg\" alt=\"Penha e suas amigas quando jovens na avenida Zaki Narchi\" \/><figcaption class=\"elementor-image-carousel-caption\">Penha e suas amigas quando jovens na avenida Zaki Narchi<\/figcaption><\/figure><\/div>\t\t\t<\/div>\n\t\t\t\t\t\t\t\t\t\t\t\t<div class=\"swiper-pagination\"><\/div>\n\t\t\t\t\t\t\t\t\t\t\t\t\t<div class=\"elementor-swiper-button elementor-swiper-button-prev\">\n\t\t\t\t\t\t<i class=\"eicon-chevron-left\" aria-hidden=\"true\"><\/i>\n\t\t\t\t\t\t<span class=\"elementor-screen-only\">Anterior<\/span>\n\t\t\t\t\t<\/div>\n\t\t\t\t\t<div class=\"elementor-swiper-button elementor-swiper-button-next\">\n\t\t\t\t\t\t<i class=\"eicon-chevron-right\" aria-hidden=\"true\"><\/i>\n\t\t\t\t\t\t<span class=\"elementor-screen-only\">Pr\u00f3ximo<\/span>\n\t\t\t\t\t<\/div>\n\t\t\t\t\t\t\t\t\t<\/div>\n\t\t\t\t<\/div>\n\t\t\t\t<\/div>\n\t\t\t\t\t<\/div>\n\t\t<\/div>\n\t\t\t\t\t\t\t<\/div>\n\t\t<\/section>\n\t\t\t\t<section class=\"elementor-section elementor-top-section elementor-element elementor-element-5f3f3e1 elementor-section-boxed elementor-section-height-default elementor-section-height-default\" data-id=\"5f3f3e1\" data-element_type=\"section\">\n\t\t\t\t\t\t<div class=\"elementor-container elementor-column-gap-default\">\n\t\t\t\t\t<div class=\"elementor-column elementor-col-100 elementor-top-column elementor-element elementor-element-9586fca\" data-id=\"9586fca\" data-element_type=\"column\">\n\t\t\t<div class=\"elementor-widget-wrap elementor-element-populated\">\n\t\t\t\t\t\t\t\t<div class=\"elementor-element elementor-element-210e6bd elementor-widget elementor-widget-text-editor\" data-id=\"210e6bd\" data-element_type=\"widget\" data-widget_type=\"text-editor.default\">\n\t\t\t\t<div class=\"elementor-widget-container\">\n\t\t\t\t\t\t\t<h6><span style=\"font-weight: normal;\">\u00c9 preciso ter sonho sempre, afirma Milton Nascimento. Para Penha, o sonho foi pegar as chaves de sua casa em m\u00e3os. O escolhido foi o bloco 34, mas como nem sempre o sonho segue o planejado, o apartamento que caiu em suas m\u00e3os foi no bloco 24. \u201cAinda bem que eu n\u00e3o me arrependi de ficar nesse bloco, que ele \u00e9 maravilhoso\u201d, conta cheia de orgulho por seus vizinhos e o cuidado que t\u00eam com o pr\u00e9dio, como instalar c\u00e2meras de seguran\u00e7a e interfone.\u00a0<\/span><\/h6><h6><span style=\"font-weight: normal;\">Mas os sonhos n\u00e3o param por a\u00ed. Voltar para sua terra natal e levar a mainha de volta ao ref\u00fagio \u00e9 um deles, que s\u00f3 poder\u00e1 ser realizado depois de se aposentar. Ap\u00f3s trabalhar como copeira, auxiliar de limpeza, dom\u00e9stica e em uma empresa de \u00f4nibus, est\u00e1 na ONG Casa da Sopa h\u00e1 10 anos.\u00a0<\/span><\/h6><h3>\u00a0 \u00a0 \u00a0 \u00a0\u201cEu trabalho como auxiliar de limpeza, mas eu fa\u00e7o tudo, ajudo na cozinha, fa\u00e7o tudo, tudo.\u00a0 \u00a0 \u00a0 \u00a0 \u00a0 \u00a0 \u00a0 \u00a0 \u00a0 \u00a0 \u00a0 \u00a0 \u00a0 \u00a0 \u00a0 \u00a0 \u00a0 \u00a0 \u00a0 \u00a0 \u00a0 \u00a0 \u00a0 \u00a0 \u00a0 \u00a0 \u00a0 \u00a0 \u00a0 (&#8230;) Eu adoro trabalhar l\u00e1\u201d, conta.<\/h3><h6><span style=\"font-weight: normal;\">Penha tem a manha e a gra\u00e7a de encontrar nas amizades e em sua fam\u00edlia a alegria em viver. Hoje, \u00e9 av\u00f3 de Jo\u00e3o Pedro, filho de Carol. Ser av\u00f3 sempre foi uma vontade, e entre todas as amigas, s\u00f3 faltava sua vez. \u201cGra\u00e7as a Deus tem o Jo\u00e3ozinho, que \u00e9 meu xod\u00f3. Muito bom ser av\u00f3, quando ele come\u00e7ar a falar (vai ser) melhor ainda, chamar a gente de vov\u00f3\u201d, conta ansiosa e escrevendo sua hist\u00f3ria pelo olhar.\u00a0<\/span><\/h6><h6><span style=\"font-weight: normal;\">Acima de tudo, Maria da Penha tem \u201ca estranha mania de ter f\u00e9 na vida\u201d. Sem ao menos saber, carrega consigo a luta de ser mulher em um mundo patriarcal. M\u00e3e de tr\u00eas, n\u00e3o precisa de um homem ao seu lado para viver e ser amada, muito menos para esbanjar gana, for\u00e7a e ra\u00e7a. Como qualquer outra Maria no planeta, sustenta no sorriso as batalhas que enfrenta e segue a vida cheia de felicidade por suas conquistas.\u00a0<\/span><\/h6>\t\t\t\t\t\t<\/div>\n\t\t\t\t<\/div>\n\t\t\t\t\t<\/div>\n\t\t<\/div>\n\t\t\t\t\t\t\t<\/div>\n\t\t<\/section>\n\t\t\t\t<section class=\"elementor-section elementor-top-section elementor-element elementor-element-f4a6af3 elementor-section-boxed elementor-section-height-default elementor-section-height-default\" data-id=\"f4a6af3\" data-element_type=\"section\">\n\t\t\t\t\t\t<div class=\"elementor-container elementor-column-gap-default\">\n\t\t\t\t\t<div class=\"elementor-column elementor-col-100 elementor-top-column elementor-element elementor-element-b172041\" data-id=\"b172041\" data-element_type=\"column\">\n\t\t\t<div class=\"elementor-widget-wrap elementor-element-populated\">\n\t\t\t\t\t\t\t\t<div class=\"elementor-element elementor-element-b8c8cbf elementor-arrows-position-inside elementor-pagination-position-outside elementor-widget elementor-widget-image-carousel\" data-id=\"b8c8cbf\" data-element_type=\"widget\" data-settings=\"{&quot;slides_to_show&quot;:&quot;1&quot;,&quot;navigation&quot;:&quot;both&quot;,&quot;autoplay&quot;:&quot;yes&quot;,&quot;pause_on_hover&quot;:&quot;yes&quot;,&quot;pause_on_interaction&quot;:&quot;yes&quot;,&quot;autoplay_speed&quot;:5000,&quot;infinite&quot;:&quot;yes&quot;,&quot;effect&quot;:&quot;slide&quot;,&quot;speed&quot;:500}\" data-widget_type=\"image-carousel.default\">\n\t\t\t\t<div class=\"elementor-widget-container\">\n\t\t\t\t\t<div class=\"elementor-image-carousel-wrapper swiper-container\" dir=\"ltr\">\n\t\t\t<div class=\"elementor-image-carousel swiper-wrapper\">\n\t\t\t\t\t\t\t\t<div class=\"swiper-slide\"><figure class=\"swiper-slide-inner\"><img class=\"swiper-slide-image\" src=\"http:\/\/janeladazaki.com\/wp-content\/uploads\/2021\/10\/20211022_180045-768x576.png\" alt=\"20211022_180045\" \/><\/figure><\/div><div class=\"swiper-slide\"><figure class=\"swiper-slide-inner\"><img class=\"swiper-slide-image\" src=\"http:\/\/janeladazaki.com\/wp-content\/uploads\/2021\/10\/20211022_180121-768x576.png\" alt=\"20211022_180121\" \/><\/figure><\/div><div class=\"swiper-slide\"><figure class=\"swiper-slide-inner\"><img class=\"swiper-slide-image\" src=\"http:\/\/janeladazaki.com\/wp-content\/uploads\/2021\/10\/20211022_175617-768x576.png\" alt=\"20211022_175617\" \/><\/figure><\/div><div class=\"swiper-slide\"><figure class=\"swiper-slide-inner\"><img class=\"swiper-slide-image\" src=\"http:\/\/janeladazaki.com\/wp-content\/uploads\/2021\/10\/20211022_180608-768x576.png\" alt=\"20211022_180608\" \/><\/figure><\/div>\t\t\t<\/div>\n\t\t\t\t\t\t\t\t\t\t\t\t<div class=\"swiper-pagination\"><\/div>\n\t\t\t\t\t\t\t\t\t\t\t\t\t<div class=\"elementor-swiper-button elementor-swiper-button-prev\">\n\t\t\t\t\t\t<i class=\"eicon-chevron-left\" aria-hidden=\"true\"><\/i>\n\t\t\t\t\t\t<span class=\"elementor-screen-only\">Anterior<\/span>\n\t\t\t\t\t<\/div>\n\t\t\t\t\t<div class=\"elementor-swiper-button elementor-swiper-button-next\">\n\t\t\t\t\t\t<i class=\"eicon-chevron-right\" aria-hidden=\"true\"><\/i>\n\t\t\t\t\t\t<span class=\"elementor-screen-only\">Pr\u00f3ximo<\/span>\n\t\t\t\t\t<\/div>\n\t\t\t\t\t\t\t\t\t<\/div>\n\t\t\t\t<\/div>\n\t\t\t\t<\/div>\n\t\t\t\t\t<\/div>\n\t\t<\/div>\n\t\t\t\t\t\t\t<\/div>\n\t\t<\/section>\n\t\t\t\t\t\t<\/div>\n\t\t\t\t\t<\/div>\n\t\t","protected":false},"excerpt":{"rendered":"<p>Milton Nascimento e Fernando Brant desenham Marias, mulheres e brasileiras em sua m\u00fasica. Com um dom, uma certa magia, Maria da Penha Cavalcanti \u00e9 uma &hellip;<\/p>\n","protected":false},"author":2,"featured_media":0,"parent":33,"menu_order":4,"comment_status":"closed","ping_status":"closed","template":"","meta":[],"_links":{"self":[{"href":"http:\/\/janeladazaki.com\/index.php\/wp-json\/wp\/v2\/pages\/133"}],"collection":[{"href":"http:\/\/janeladazaki.com\/index.php\/wp-json\/wp\/v2\/pages"}],"about":[{"href":"http:\/\/janeladazaki.com\/index.php\/wp-json\/wp\/v2\/types\/page"}],"author":[{"embeddable":true,"href":"http:\/\/janeladazaki.com\/index.php\/wp-json\/wp\/v2\/users\/2"}],"replies":[{"embeddable":true,"href":"http:\/\/janeladazaki.com\/index.php\/wp-json\/wp\/v2\/comments?post=133"}],"version-history":[{"count":67,"href":"http:\/\/janeladazaki.com\/index.php\/wp-json\/wp\/v2\/pages\/133\/revisions"}],"predecessor-version":[{"id":1296,"href":"http:\/\/janeladazaki.com\/index.php\/wp-json\/wp\/v2\/pages\/133\/revisions\/1296"}],"up":[{"embeddable":true,"href":"http:\/\/janeladazaki.com\/index.php\/wp-json\/wp\/v2\/pages\/33"}],"wp:attachment":[{"href":"http:\/\/janeladazaki.com\/index.php\/wp-json\/wp\/v2\/media?parent=133"}],"curies":[{"name":"wp","href":"https:\/\/api.w.org\/{rel}","templated":true}]}}