{"id":33,"date":"2021-10-05T01:22:23","date_gmt":"2021-10-05T04:22:23","guid":{"rendered":"http:\/\/janeladazaki.com\/?page_id=33"},"modified":"2021-11-22T23:18:21","modified_gmt":"2021-11-23T02:18:21","slug":"perfis","status":"publish","type":"page","link":"http:\/\/janeladazaki.com\/index.php\/perfis\/","title":{"rendered":"Vidas"},"content":{"rendered":"\t\t<div data-elementor-type=\"wp-page\" data-elementor-id=\"33\" class=\"elementor elementor-33\" data-elementor-settings=\"[]\">\n\t\t\t\t\t\t\t<div class=\"elementor-section-wrap\">\n\t\t\t\t\t\t\t<section class=\"elementor-section elementor-top-section elementor-element elementor-element-f72da61 elementor-section-boxed elementor-section-height-default elementor-section-height-default\" data-id=\"f72da61\" data-element_type=\"section\">\n\t\t\t\t\t\t<div class=\"elementor-container elementor-column-gap-default\">\n\t\t\t\t\t<div class=\"elementor-column elementor-col-33 elementor-top-column elementor-element elementor-element-2766ddf\" data-id=\"2766ddf\" data-element_type=\"column\">\n\t\t\t<div class=\"elementor-widget-wrap elementor-element-populated\">\n\t\t\t\t\t\t\t\t<div class=\"elementor-element elementor-element-7ea5154 elementor-widget elementor-widget-image\" data-id=\"7ea5154\" data-element_type=\"widget\" data-widget_type=\"image.default\">\n\t\t\t\t<div class=\"elementor-widget-container\">\n\t\t\t\t\t\t\t\t\t\t\t\t\t\t\t<img width=\"1024\" height=\"768\" src=\"http:\/\/janeladazaki.com\/wp-content\/uploads\/2021\/10\/20211007_103424-1024x768.png\" class=\"attachment-large size-large\" alt=\"\" loading=\"lazy\" srcset=\"http:\/\/janeladazaki.com\/wp-content\/uploads\/2021\/10\/20211007_103424-1024x768.png 1024w, http:\/\/janeladazaki.com\/wp-content\/uploads\/2021\/10\/20211007_103424-300x225.png 300w, http:\/\/janeladazaki.com\/wp-content\/uploads\/2021\/10\/20211007_103424-768x576.png 768w, http:\/\/janeladazaki.com\/wp-content\/uploads\/2021\/10\/20211007_103424-1536x1152.png 1536w, http:\/\/janeladazaki.com\/wp-content\/uploads\/2021\/10\/20211007_103424-2048x1536.png 2048w, http:\/\/janeladazaki.com\/wp-content\/uploads\/2021\/10\/20211007_103424-400x300.png 400w\" sizes=\"(max-width: 1024px) 100vw, 1024px\" \/>\t\t\t\t\t\t\t\t\t\t\t\t\t\t\t<\/div>\n\t\t\t\t<\/div>\n\t\t\t\t\t<\/div>\n\t\t<\/div>\n\t\t\t\t<div class=\"elementor-column elementor-col-66 elementor-top-column elementor-element elementor-element-fd13f65\" data-id=\"fd13f65\" data-element_type=\"column\">\n\t\t\t<div class=\"elementor-widget-wrap elementor-element-populated\">\n\t\t\t\t\t\t\t\t<div class=\"elementor-element elementor-element-7ccc03f elementor-widget elementor-widget-text-editor\" data-id=\"7ccc03f\" data-element_type=\"widget\" data-widget_type=\"text-editor.default\">\n\t\t\t\t<div class=\"elementor-widget-container\">\n\t\t\t\t\t\t\t<h6><span style=\"font-weight: normal;\">O sorriso fala. Sempre. Aos 32 anos, Rafael Luis d\u00e1 uma aula sobre a vida ao lado da liberdade.<\/span><\/h6>\t\t\t\t\t\t<\/div>\n\t\t\t\t<\/div>\n\t\t\t\t<div class=\"elementor-element elementor-element-0fdec21 elementor-align-center elementor-widget elementor-widget-button\" data-id=\"0fdec21\" data-element_type=\"widget\" data-widget_type=\"button.default\">\n\t\t\t\t<div class=\"elementor-widget-container\">\n\t\t\t\t\t<div class=\"elementor-button-wrapper\">\n\t\t\t<a href=\"http:\/\/janeladazaki.com\/index.php\/perfis\/liberdade-o-sorriso-que-sustenta\/\" class=\"elementor-button-link elementor-button elementor-size-sm\" role=\"button\">\n\t\t\t\t\t\t<span class=\"elementor-button-content-wrapper\">\n\t\t\t\t\t\t<span class=\"elementor-button-text\">Vem ler<\/span>\n\t\t<\/span>\n\t\t\t\t\t<\/a>\n\t\t<\/div>\n\t\t\t\t<\/div>\n\t\t\t\t<\/div>\n\t\t\t\t\t<\/div>\n\t\t<\/div>\n\t\t\t\t\t\t\t<\/div>\n\t\t<\/section>\n\t\t\t\t<section class=\"elementor-section elementor-top-section elementor-element elementor-element-d04e0f4 elementor-section-boxed elementor-section-height-default elementor-section-height-default\" data-id=\"d04e0f4\" data-element_type=\"section\">\n\t\t\t\t\t\t<div class=\"elementor-container elementor-column-gap-default\">\n\t\t\t\t\t<div class=\"elementor-column elementor-col-66 elementor-top-column elementor-element elementor-element-1eb6a98\" data-id=\"1eb6a98\" data-element_type=\"column\">\n\t\t\t<div class=\"elementor-widget-wrap elementor-element-populated\">\n\t\t\t\t\t\t\t\t<div class=\"elementor-element elementor-element-02f1363 elementor-widget elementor-widget-text-editor\" data-id=\"02f1363\" data-element_type=\"widget\" data-widget_type=\"text-editor.default\">\n\t\t\t\t<div class=\"elementor-widget-container\">\n\t\t\t\t\t\t\t<h6><span style=\"font-weight: normal;\">\u00c1urea lembra o c\u00e9u estrelado. Com os olhos brilhando, as pupilas de estrela sonham em ver a vida por meio de outras janelas.<\/span><\/h6>\t\t\t\t\t\t<\/div>\n\t\t\t\t<\/div>\n\t\t\t\t<div class=\"elementor-element elementor-element-0fa116f elementor-align-center elementor-widget elementor-widget-button\" data-id=\"0fa116f\" data-element_type=\"widget\" data-widget_type=\"button.default\">\n\t\t\t\t<div class=\"elementor-widget-container\">\n\t\t\t\t\t<div class=\"elementor-button-wrapper\">\n\t\t\t<a href=\"http:\/\/janeladazaki.com\/index.php\/perfis\/raizes-que-sonham-com-um-novo-por-do-sol\/\" class=\"elementor-button-link elementor-button elementor-size-sm\" role=\"button\">\n\t\t\t\t\t\t<span class=\"elementor-button-content-wrapper\">\n\t\t\t\t\t\t<span class=\"elementor-button-text\">Vem ler<\/span>\n\t\t<\/span>\n\t\t\t\t\t<\/a>\n\t\t<\/div>\n\t\t\t\t<\/div>\n\t\t\t\t<\/div>\n\t\t\t\t\t<\/div>\n\t\t<\/div>\n\t\t\t\t<div class=\"elementor-column elementor-col-33 elementor-top-column elementor-element elementor-element-6b69c74\" data-id=\"6b69c74\" data-element_type=\"column\">\n\t\t\t<div class=\"elementor-widget-wrap elementor-element-populated\">\n\t\t\t\t\t\t\t\t<div class=\"elementor-element elementor-element-774dee0 elementor-widget elementor-widget-image\" data-id=\"774dee0\" data-element_type=\"widget\" data-widget_type=\"image.default\">\n\t\t\t\t<div class=\"elementor-widget-container\">\n\t\t\t\t\t\t\t\t\t\t\t\t\t\t\t<img width=\"1024\" height=\"768\" src=\"http:\/\/janeladazaki.com\/wp-content\/uploads\/2021\/10\/20211002_112138-1024x768.png\" class=\"attachment-large size-large\" alt=\"\" loading=\"lazy\" srcset=\"http:\/\/janeladazaki.com\/wp-content\/uploads\/2021\/10\/20211002_112138-1024x768.png 1024w, http:\/\/janeladazaki.com\/wp-content\/uploads\/2021\/10\/20211002_112138-300x225.png 300w, http:\/\/janeladazaki.com\/wp-content\/uploads\/2021\/10\/20211002_112138-768x576.png 768w, http:\/\/janeladazaki.com\/wp-content\/uploads\/2021\/10\/20211002_112138-1536x1152.png 1536w, http:\/\/janeladazaki.com\/wp-content\/uploads\/2021\/10\/20211002_112138-2048x1536.png 2048w, http:\/\/janeladazaki.com\/wp-content\/uploads\/2021\/10\/20211002_112138-400x300.png 400w\" sizes=\"(max-width: 1024px) 100vw, 1024px\" \/>\t\t\t\t\t\t\t\t\t\t\t\t\t\t\t<\/div>\n\t\t\t\t<\/div>\n\t\t\t\t\t<\/div>\n\t\t<\/div>\n\t\t\t\t\t\t\t<\/div>\n\t\t<\/section>\n\t\t\t\t<section class=\"elementor-section elementor-top-section elementor-element elementor-element-a97b394 elementor-section-boxed elementor-section-height-default elementor-section-height-default\" data-id=\"a97b394\" data-element_type=\"section\">\n\t\t\t\t\t\t<div class=\"elementor-container elementor-column-gap-default\">\n\t\t\t\t\t<div class=\"elementor-column elementor-col-33 elementor-top-column elementor-element elementor-element-b2578e2\" data-id=\"b2578e2\" data-element_type=\"column\">\n\t\t\t<div class=\"elementor-widget-wrap elementor-element-populated\">\n\t\t\t\t\t\t\t\t<div class=\"elementor-element elementor-element-7ea409a elementor-widget elementor-widget-image\" data-id=\"7ea409a\" data-element_type=\"widget\" data-widget_type=\"image.default\">\n\t\t\t\t<div class=\"elementor-widget-container\">\n\t\t\t\t\t\t\t\t\t\t\t\t\t\t\t<img width=\"1024\" height=\"768\" src=\"http:\/\/janeladazaki.com\/wp-content\/uploads\/2021\/10\/20211007_100819-1024x768.png\" class=\"attachment-large size-large\" alt=\"\" loading=\"lazy\" srcset=\"http:\/\/janeladazaki.com\/wp-content\/uploads\/2021\/10\/20211007_100819-1024x768.png 1024w, http:\/\/janeladazaki.com\/wp-content\/uploads\/2021\/10\/20211007_100819-300x225.png 300w, http:\/\/janeladazaki.com\/wp-content\/uploads\/2021\/10\/20211007_100819-768x576.png 768w, http:\/\/janeladazaki.com\/wp-content\/uploads\/2021\/10\/20211007_100819-1536x1152.png 1536w, http:\/\/janeladazaki.com\/wp-content\/uploads\/2021\/10\/20211007_100819-2048x1536.png 2048w, http:\/\/janeladazaki.com\/wp-content\/uploads\/2021\/10\/20211007_100819-400x300.png 400w\" sizes=\"(max-width: 1024px) 100vw, 1024px\" \/>\t\t\t\t\t\t\t\t\t\t\t\t\t\t\t<\/div>\n\t\t\t\t<\/div>\n\t\t\t\t\t<\/div>\n\t\t<\/div>\n\t\t\t\t<div class=\"elementor-column elementor-col-66 elementor-top-column elementor-element elementor-element-18c0100\" data-id=\"18c0100\" data-element_type=\"column\">\n\t\t\t<div class=\"elementor-widget-wrap elementor-element-populated\">\n\t\t\t\t\t\t\t\t<div class=\"elementor-element elementor-element-f627232 elementor-widget elementor-widget-text-editor\" data-id=\"f627232\" data-element_type=\"widget\" data-widget_type=\"text-editor.default\">\n\t\t\t\t<div class=\"elementor-widget-container\">\n\t\t\t\t\t\t\t<h6><span style=\"font-weight: normal;\">Rodeada por paredes cor de c\u00e9u, Ana Beatriz escreve sua hist\u00f3ria. No \u00e1pice da adolesc\u00eancia, transborda maturidade.<\/span><\/h6>\t\t\t\t\t\t<\/div>\n\t\t\t\t<\/div>\n\t\t\t\t<div class=\"elementor-element elementor-element-effa3cc elementor-align-center elementor-widget elementor-widget-button\" data-id=\"effa3cc\" data-element_type=\"widget\" data-widget_type=\"button.default\">\n\t\t\t\t<div class=\"elementor-widget-container\">\n\t\t\t\t\t<div class=\"elementor-button-wrapper\">\n\t\t\t<a href=\"http:\/\/janeladazaki.com\/index.php\/perfis\/o-refugio-nas-paredes-cor-de-ceu\/\" class=\"elementor-button-link elementor-button elementor-size-sm\" role=\"button\">\n\t\t\t\t\t\t<span class=\"elementor-button-content-wrapper\">\n\t\t\t\t\t\t<span class=\"elementor-button-text\">Vem ler<\/span>\n\t\t<\/span>\n\t\t\t\t\t<\/a>\n\t\t<\/div>\n\t\t\t\t<\/div>\n\t\t\t\t<\/div>\n\t\t\t\t\t<\/div>\n\t\t<\/div>\n\t\t\t\t\t\t\t<\/div>\n\t\t<\/section>\n\t\t\t\t<section class=\"elementor-section elementor-top-section elementor-element elementor-element-a810025 elementor-section-boxed elementor-section-height-default elementor-section-height-default\" data-id=\"a810025\" data-element_type=\"section\">\n\t\t\t\t\t\t<div class=\"elementor-container elementor-column-gap-default\">\n\t\t\t\t\t<div class=\"elementor-column elementor-col-66 elementor-top-column elementor-element elementor-element-8340bf0\" data-id=\"8340bf0\" data-element_type=\"column\">\n\t\t\t<div class=\"elementor-widget-wrap elementor-element-populated\">\n\t\t\t\t\t\t\t\t<div class=\"elementor-element elementor-element-39e4e82 elementor-widget elementor-widget-text-editor\" data-id=\"39e4e82\" data-element_type=\"widget\" data-widget_type=\"text-editor.default\">\n\t\t\t\t<div class=\"elementor-widget-container\">\n\t\t\t\t\t\t\t<h6><span style=\"font-weight: normal;\">Maria da Penha tem sua vida ilustrada por Milton Nascimento e Fernando Brant. Maria, mulher, brasileira, tem f\u00e9 na vida.<\/span><\/h6>\t\t\t\t\t\t<\/div>\n\t\t\t\t<\/div>\n\t\t\t\t<div class=\"elementor-element elementor-element-c7de567 elementor-align-center elementor-widget elementor-widget-button\" data-id=\"c7de567\" data-element_type=\"widget\" data-widget_type=\"button.default\">\n\t\t\t\t<div class=\"elementor-widget-container\">\n\t\t\t\t\t<div class=\"elementor-button-wrapper\">\n\t\t\t<a href=\"http:\/\/janeladazaki.com\/index.php\/perfis\/o-desenho-da-estranha-mania-de-ter-fe-na-vida\/\" class=\"elementor-button-link elementor-button elementor-size-sm\" role=\"button\">\n\t\t\t\t\t\t<span class=\"elementor-button-content-wrapper\">\n\t\t\t\t\t\t<span class=\"elementor-button-text\">Vem ler<\/span>\n\t\t<\/span>\n\t\t\t\t\t<\/a>\n\t\t<\/div>\n\t\t\t\t<\/div>\n\t\t\t\t<\/div>\n\t\t\t\t\t<\/div>\n\t\t<\/div>\n\t\t\t\t<div class=\"elementor-column elementor-col-33 elementor-top-column elementor-element elementor-element-e859658\" data-id=\"e859658\" data-element_type=\"column\">\n\t\t\t<div class=\"elementor-widget-wrap elementor-element-populated\">\n\t\t\t\t\t\t\t\t<div class=\"elementor-element elementor-element-c361275 elementor-widget elementor-widget-image\" data-id=\"c361275\" data-element_type=\"widget\" data-widget_type=\"image.default\">\n\t\t\t\t<div class=\"elementor-widget-container\">\n\t\t\t\t\t\t\t\t\t\t\t\t\t\t\t<img width=\"1024\" height=\"768\" src=\"http:\/\/janeladazaki.com\/wp-content\/uploads\/2021\/10\/20211022_180121-1024x768.png\" class=\"attachment-large size-large\" alt=\"\" loading=\"lazy\" srcset=\"http:\/\/janeladazaki.com\/wp-content\/uploads\/2021\/10\/20211022_180121-1024x768.png 1024w, http:\/\/janeladazaki.com\/wp-content\/uploads\/2021\/10\/20211022_180121-300x225.png 300w, http:\/\/janeladazaki.com\/wp-content\/uploads\/2021\/10\/20211022_180121-768x576.png 768w, http:\/\/janeladazaki.com\/wp-content\/uploads\/2021\/10\/20211022_180121-1536x1152.png 1536w, http:\/\/janeladazaki.com\/wp-content\/uploads\/2021\/10\/20211022_180121-2048x1536.png 2048w, http:\/\/janeladazaki.com\/wp-content\/uploads\/2021\/10\/20211022_180121-400x300.png 400w\" sizes=\"(max-width: 1024px) 100vw, 1024px\" \/>\t\t\t\t\t\t\t\t\t\t\t\t\t\t\t<\/div>\n\t\t\t\t<\/div>\n\t\t\t\t\t<\/div>\n\t\t<\/div>\n\t\t\t\t\t\t\t<\/div>\n\t\t<\/section>\n\t\t\t\t<section class=\"elementor-section elementor-top-section elementor-element elementor-element-dd15cc4 elementor-section-boxed elementor-section-height-default elementor-section-height-default\" data-id=\"dd15cc4\" data-element_type=\"section\">\n\t\t\t\t\t\t<div class=\"elementor-container elementor-column-gap-default\">\n\t\t\t\t\t<div class=\"elementor-column elementor-col-33 elementor-top-column elementor-element elementor-element-1e335c0\" data-id=\"1e335c0\" data-element_type=\"column\">\n\t\t\t<div class=\"elementor-widget-wrap elementor-element-populated\">\n\t\t\t\t\t\t\t\t<div class=\"elementor-element elementor-element-df6342d elementor-widget elementor-widget-image\" data-id=\"df6342d\" data-element_type=\"widget\" data-widget_type=\"image.default\">\n\t\t\t\t<div class=\"elementor-widget-container\">\n\t\t\t\t\t\t\t\t\t\t\t\t\t\t\t<img width=\"1024\" height=\"768\" src=\"http:\/\/janeladazaki.com\/wp-content\/uploads\/2021\/10\/20211012_133350-1024x768.png\" class=\"attachment-large size-large\" alt=\"\" loading=\"lazy\" srcset=\"http:\/\/janeladazaki.com\/wp-content\/uploads\/2021\/10\/20211012_133350-1024x768.png 1024w, http:\/\/janeladazaki.com\/wp-content\/uploads\/2021\/10\/20211012_133350-300x225.png 300w, http:\/\/janeladazaki.com\/wp-content\/uploads\/2021\/10\/20211012_133350-768x576.png 768w, http:\/\/janeladazaki.com\/wp-content\/uploads\/2021\/10\/20211012_133350-1536x1152.png 1536w, http:\/\/janeladazaki.com\/wp-content\/uploads\/2021\/10\/20211012_133350-2048x1536.png 2048w, http:\/\/janeladazaki.com\/wp-content\/uploads\/2021\/10\/20211012_133350-400x300.png 400w\" sizes=\"(max-width: 1024px) 100vw, 1024px\" \/>\t\t\t\t\t\t\t\t\t\t\t\t\t\t\t<\/div>\n\t\t\t\t<\/div>\n\t\t\t\t\t<\/div>\n\t\t<\/div>\n\t\t\t\t<div class=\"elementor-column elementor-col-66 elementor-top-column elementor-element elementor-element-ac4a6ad\" data-id=\"ac4a6ad\" data-element_type=\"column\">\n\t\t\t<div class=\"elementor-widget-wrap elementor-element-populated\">\n\t\t\t\t\t\t\t\t<div class=\"elementor-element elementor-element-8d66271 elementor-widget elementor-widget-text-editor\" data-id=\"8d66271\" data-element_type=\"widget\" data-widget_type=\"text-editor.default\">\n\t\t\t\t<div class=\"elementor-widget-container\">\n\t\t\t\t\t\t\t<h6><span style=\"font-weight: normal;\">Sorriso estampado sempre. Com os olhares voltados para a quebrada, Aquiles desenha a vida.<\/span><\/h6>\t\t\t\t\t\t<\/div>\n\t\t\t\t<\/div>\n\t\t\t\t<div class=\"elementor-element elementor-element-73c98db elementor-align-center elementor-widget elementor-widget-button\" data-id=\"73c98db\" data-element_type=\"widget\" data-widget_type=\"button.default\">\n\t\t\t\t<div class=\"elementor-widget-container\">\n\t\t\t\t\t<div class=\"elementor-button-wrapper\">\n\t\t\t<a href=\"http:\/\/janeladazaki.com\/index.php\/perfis\/do-fundao-ao-centro\/\" class=\"elementor-button-link elementor-button elementor-size-sm\" role=\"button\">\n\t\t\t\t\t\t<span class=\"elementor-button-content-wrapper\">\n\t\t\t\t\t\t<span class=\"elementor-button-text\">Vem ler<\/span>\n\t\t<\/span>\n\t\t\t\t\t<\/a>\n\t\t<\/div>\n\t\t\t\t<\/div>\n\t\t\t\t<\/div>\n\t\t\t\t\t<\/div>\n\t\t<\/div>\n\t\t\t\t\t\t\t<\/div>\n\t\t<\/section>\n\t\t\t\t<section class=\"elementor-section elementor-top-section elementor-element elementor-element-e34fefc elementor-section-boxed elementor-section-height-default elementor-section-height-default\" data-id=\"e34fefc\" data-element_type=\"section\">\n\t\t\t\t\t\t<div class=\"elementor-container elementor-column-gap-default\">\n\t\t\t\t\t<div class=\"elementor-column elementor-col-66 elementor-top-column elementor-element elementor-element-bc9f6c5\" data-id=\"bc9f6c5\" data-element_type=\"column\">\n\t\t\t<div class=\"elementor-widget-wrap elementor-element-populated\">\n\t\t\t\t\t\t\t\t<div class=\"elementor-element elementor-element-4450f71 elementor-widget elementor-widget-text-editor\" data-id=\"4450f71\" data-element_type=\"widget\" data-widget_type=\"text-editor.default\">\n\t\t\t\t<div class=\"elementor-widget-container\">\n\t\t\t\t\t\t\t<h6><span style=\"font-weight: normal;\">Aquela quem protege, cuida e cria. Vanessa \u00e9 m\u00e3e, verso, estrofe e poesia completa de sua vida e das crian\u00e7as.<\/span><\/h6>\t\t\t\t\t\t<\/div>\n\t\t\t\t<\/div>\n\t\t\t\t<div class=\"elementor-element elementor-element-f0b97bd elementor-align-center elementor-widget elementor-widget-button\" data-id=\"f0b97bd\" data-element_type=\"widget\" data-widget_type=\"button.default\">\n\t\t\t\t<div class=\"elementor-widget-container\">\n\t\t\t\t\t<div class=\"elementor-button-wrapper\">\n\t\t\t<a href=\"http:\/\/janeladazaki.com\/index.php\/perfis\/mae-sujeito-verbo-e-predicado\/\" class=\"elementor-button-link elementor-button elementor-size-sm\" role=\"button\">\n\t\t\t\t\t\t<span class=\"elementor-button-content-wrapper\">\n\t\t\t\t\t\t<span class=\"elementor-button-text\">Vem ler<\/span>\n\t\t<\/span>\n\t\t\t\t\t<\/a>\n\t\t<\/div>\n\t\t\t\t<\/div>\n\t\t\t\t<\/div>\n\t\t\t\t\t<\/div>\n\t\t<\/div>\n\t\t\t\t<div class=\"elementor-column elementor-col-33 elementor-top-column elementor-element elementor-element-924a159\" data-id=\"924a159\" data-element_type=\"column\">\n\t\t\t<div class=\"elementor-widget-wrap elementor-element-populated\">\n\t\t\t\t\t\t\t\t<div class=\"elementor-element elementor-element-5fbfb0e elementor-widget elementor-widget-image\" data-id=\"5fbfb0e\" data-element_type=\"widget\" data-widget_type=\"image.default\">\n\t\t\t\t<div class=\"elementor-widget-container\">\n\t\t\t\t\t\t\t\t\t\t\t\t\t\t\t<img width=\"1024\" height=\"768\" src=\"http:\/\/janeladazaki.com\/wp-content\/uploads\/2021\/10\/20211022_172228-Copia-1024x768.png\" class=\"attachment-large size-large\" alt=\"\" loading=\"lazy\" srcset=\"http:\/\/janeladazaki.com\/wp-content\/uploads\/2021\/10\/20211022_172228-Copia-1024x768.png 1024w, http:\/\/janeladazaki.com\/wp-content\/uploads\/2021\/10\/20211022_172228-Copia-300x225.png 300w, http:\/\/janeladazaki.com\/wp-content\/uploads\/2021\/10\/20211022_172228-Copia-768x576.png 768w, http:\/\/janeladazaki.com\/wp-content\/uploads\/2021\/10\/20211022_172228-Copia-1536x1152.png 1536w, http:\/\/janeladazaki.com\/wp-content\/uploads\/2021\/10\/20211022_172228-Copia-2048x1536.png 2048w, http:\/\/janeladazaki.com\/wp-content\/uploads\/2021\/10\/20211022_172228-Copia-400x300.png 400w\" sizes=\"(max-width: 1024px) 100vw, 1024px\" \/>\t\t\t\t\t\t\t\t\t\t\t\t\t\t\t<\/div>\n\t\t\t\t<\/div>\n\t\t\t\t\t<\/div>\n\t\t<\/div>\n\t\t\t\t\t\t\t<\/div>\n\t\t<\/section>\n\t\t\t\t<section class=\"elementor-section elementor-top-section elementor-element elementor-element-4863dff elementor-section-boxed elementor-section-height-default elementor-section-height-default\" data-id=\"4863dff\" data-element_type=\"section\">\n\t\t\t\t\t\t<div class=\"elementor-container elementor-column-gap-default\">\n\t\t\t\t\t<div class=\"elementor-column elementor-col-33 elementor-top-column elementor-element elementor-element-73da41f\" data-id=\"73da41f\" data-element_type=\"column\">\n\t\t\t<div class=\"elementor-widget-wrap elementor-element-populated\">\n\t\t\t\t\t\t\t\t<div class=\"elementor-element elementor-element-cb1e0f6 elementor-widget elementor-widget-image\" data-id=\"cb1e0f6\" data-element_type=\"widget\" data-widget_type=\"image.default\">\n\t\t\t\t<div class=\"elementor-widget-container\">\n\t\t\t\t\t\t\t\t\t\t\t\t\t\t\t<img width=\"1024\" height=\"768\" src=\"http:\/\/janeladazaki.com\/wp-content\/uploads\/2021\/10\/20210925_151235-1-1024x768.png\" class=\"attachment-large size-large\" alt=\"\" loading=\"lazy\" srcset=\"http:\/\/janeladazaki.com\/wp-content\/uploads\/2021\/10\/20210925_151235-1-1024x768.png 1024w, http:\/\/janeladazaki.com\/wp-content\/uploads\/2021\/10\/20210925_151235-1-300x225.png 300w, http:\/\/janeladazaki.com\/wp-content\/uploads\/2021\/10\/20210925_151235-1-768x576.png 768w, http:\/\/janeladazaki.com\/wp-content\/uploads\/2021\/10\/20210925_151235-1-1536x1152.png 1536w, http:\/\/janeladazaki.com\/wp-content\/uploads\/2021\/10\/20210925_151235-1-2048x1536.png 2048w, http:\/\/janeladazaki.com\/wp-content\/uploads\/2021\/10\/20210925_151235-1-400x300.png 400w\" sizes=\"(max-width: 1024px) 100vw, 1024px\" \/>\t\t\t\t\t\t\t\t\t\t\t\t\t\t\t<\/div>\n\t\t\t\t<\/div>\n\t\t\t\t\t<\/div>\n\t\t<\/div>\n\t\t\t\t<div class=\"elementor-column elementor-col-66 elementor-top-column elementor-element elementor-element-0afb557\" data-id=\"0afb557\" data-element_type=\"column\">\n\t\t\t<div class=\"elementor-widget-wrap elementor-element-populated\">\n\t\t\t\t\t\t\t\t<div class=\"elementor-element elementor-element-bfd79af elementor-widget elementor-widget-text-editor\" data-id=\"bfd79af\" data-element_type=\"widget\" data-widget_type=\"text-editor.default\">\n\t\t\t\t<div class=\"elementor-widget-container\">\n\t\t\t\t\t\t\t<h6><span style=\"font-weight: normal;\">Feito quebra-cabe\u00e7a as irm\u00e3s Camille e Mirelle se completam. Mais do que o quarto, dividem a vida.<\/span><\/h6>\t\t\t\t\t\t<\/div>\n\t\t\t\t<\/div>\n\t\t\t\t<div class=\"elementor-element elementor-element-ff5aaf1 elementor-align-center elementor-widget elementor-widget-button\" data-id=\"ff5aaf1\" data-element_type=\"widget\" data-widget_type=\"button.default\">\n\t\t\t\t<div class=\"elementor-widget-container\">\n\t\t\t\t\t<div class=\"elementor-button-wrapper\">\n\t\t\t<a href=\"http:\/\/janeladazaki.com\/index.php\/perfis\/antonimos-e-sinonimos-de-amor\/\" class=\"elementor-button-link elementor-button elementor-size-sm\" role=\"button\">\n\t\t\t\t\t\t<span class=\"elementor-button-content-wrapper\">\n\t\t\t\t\t\t<span class=\"elementor-button-text\">Vem ler<\/span>\n\t\t<\/span>\n\t\t\t\t\t<\/a>\n\t\t<\/div>\n\t\t\t\t<\/div>\n\t\t\t\t<\/div>\n\t\t\t\t\t<\/div>\n\t\t<\/div>\n\t\t\t\t\t\t\t<\/div>\n\t\t<\/section>\n\t\t\t\t\t\t<\/div>\n\t\t\t\t\t<\/div>\n\t\t","protected":false},"excerpt":{"rendered":"<p>O sorriso fala. Sempre. Aos 32 anos, Rafael Luis d\u00e1 uma aula sobre a vida ao lado da liberdade. Vem ler \u00c1urea lembra o c\u00e9u &hellip;<\/p>\n","protected":false},"author":2,"featured_media":0,"parent":0,"menu_order":2,"comment_status":"closed","ping_status":"closed","template":"","meta":[],"_links":{"self":[{"href":"http:\/\/janeladazaki.com\/index.php\/wp-json\/wp\/v2\/pages\/33"}],"collection":[{"href":"http:\/\/janeladazaki.com\/index.php\/wp-json\/wp\/v2\/pages"}],"about":[{"href":"http:\/\/janeladazaki.com\/index.php\/wp-json\/wp\/v2\/types\/page"}],"author":[{"embeddable":true,"href":"http:\/\/janeladazaki.com\/index.php\/wp-json\/wp\/v2\/users\/2"}],"replies":[{"embeddable":true,"href":"http:\/\/janeladazaki.com\/index.php\/wp-json\/wp\/v2\/comments?post=33"}],"version-history":[{"count":69,"href":"http:\/\/janeladazaki.com\/index.php\/wp-json\/wp\/v2\/pages\/33\/revisions"}],"predecessor-version":[{"id":1268,"href":"http:\/\/janeladazaki.com\/index.php\/wp-json\/wp\/v2\/pages\/33\/revisions\/1268"}],"wp:attachment":[{"href":"http:\/\/janeladazaki.com\/index.php\/wp-json\/wp\/v2\/media?parent=33"}],"curies":[{"name":"wp","href":"https:\/\/api.w.org\/{rel}","templated":true}]}}